{"id":1095,"date":"2025-03-29T21:06:20","date_gmt":"2025-03-29T20:06:20","guid":{"rendered":"https:\/\/www.stagnonekitexperience.com\/?page_id=1095"},"modified":"2025-04-02T16:31:39","modified_gmt":"2025-04-02T14:31:39","slug":"wing-foil-lezione-individuale-personalizzata","status":"publish","type":"page","link":"https:\/\/www.stagnonekitexperience.com\/it\/corsi\/lezioni-wing-foil\/wing-foil-lezione-individuale-personalizzata\/","title":{"rendered":"Wing foil lezione individuale personalizzata"},"content":{"rendered":"\n\t\t<div id=\"fws_69e09fa7d4a9d\"  data-column-margin=\"default\" data-midnight=\"dark\"  class=\"wpb_row vc_row-fluid vc_row full-width-section vc_row-o-full-height vc_row-o-columns-middle vc_row-o-equal-height vc_row-flex\"  style=\"padding-top: 0px; padding-bottom: 0px; \"><div class=\"row-bg-wrap\" data-bg-animation=\"none\" data-bg-overlay=\"true\"><div class=\"inner-wrap using-image\"><div class=\"row-bg viewport-desktop using-image\"  style=\"background-image: url(https:\/\/www.stagnonekitexperience.com\/wp-content\/uploads\/2025\/03\/1.png); background-position: center center; background-repeat: no-repeat; \"><\/div><\/div><div class=\"row-bg-overlay\" style=\"background: #ffffff; background: linear-gradient(90deg,#ffffff 10%,rgba(255,255,255,0.001) 75%);  opacity: 0.95; background: #ffffff; background: linear-gradient(90deg,#ffffff 0%,rgba(255,255,255,0.001) 100%);  opacity: 0.95; \"><\/div><\/div><div class=\"row_col_wrap_12 col span_12 dark left\">\n\t<div  class=\"vc_col-sm-12 wpb_column column_container vc_column_container col no-extra-padding inherit_tablet inherit_phone \"  data-padding-pos=\"all\" data-has-bg-color=\"false\" data-bg-color=\"\" data-bg-opacity=\"1\" data-animation=\"\" data-delay=\"0\" >\n\t\t<div class=\"vc_column-inner\" >\n\t\t\t<div class=\"wpb_wrapper\">\n\t\t\t\t<h1 style=\"color: #000000;text-align: left\" class=\"vc_custom_heading\" >Wing foil lezione individuale personalizzata<\/h1>\n\t\t\t<\/div> \n\t\t<\/div>\n\t<\/div> \n<\/div><\/div>\n\t\t<div id=\"fws_69e09fa7d5b23\"  data-column-margin=\"default\" data-midnight=\"dark\" data-top-percent=\"5%\"  class=\"wpb_row vc_row-fluid vc_row full-width-content vc_row-o-equal-height vc_row-flex vc_row-o-content-middle  right_padding_10pct left_padding_10pct\"  style=\"padding-top: calc(100vw * 0.05); padding-bottom: 0px; \"><div class=\"row-bg-wrap\" data-bg-animation=\"none\" data-bg-overlay=\"false\"><div class=\"inner-wrap\"><div class=\"row-bg viewport-desktop\"  style=\"\"><\/div><\/div><\/div><div class=\"row_col_wrap_12 col span_12 dark left\">\n\t<div  class=\"vc_col-sm-12 wpb_column column_container vc_column_container col no-extra-padding inherit_tablet inherit_phone \"  data-padding-pos=\"all\" data-has-bg-color=\"false\" data-bg-color=\"\" data-bg-opacity=\"1\" data-animation=\"\" data-delay=\"0\" >\n\t\t<div class=\"vc_column-inner\" >\n\t\t\t<div class=\"wpb_wrapper\">\n\t\t\t\t<div id=\"fws_69e09fa7d64e5\" data-midnight=\"\" data-column-margin=\"40px\" class=\"wpb_row vc_row-fluid vc_row inner_row vc_row-o-content-middle\"  style=\"\"><div class=\"row-bg-wrap\"> <div class=\"row-bg\" ><\/div> <\/div><div class=\"row_col_wrap_12_inner col span_12  left\">\n\t<div  class=\"vc_col-sm-8 wpb_column column_container vc_column_container col child_column no-extra-padding inherit_tablet inherit_phone \"   data-padding-pos=\"all\" data-has-bg-color=\"false\" data-bg-color=\"\" data-bg-opacity=\"1\" data-animation=\"\" data-delay=\"0\" >\n\t\t<div class=\"vc_column-inner\" >\n\t\t<div class=\"wpb_wrapper\">\n\t\t\t<h2 style=\"text-align: left;font-family:Roboto;font-weight:500;font-style:normal\" class=\"vc_custom_heading\" >Wing foil lezione individuale personalizzata<\/h2><div class=\"divider-wrap\" data-alignment=\"default\"><div style=\"margin-top: 12.5px; width: 20%px; height: 2px; margin-bottom: 12.5px;\" data-width=\"20%\" data-animate=\"yes\" data-animation-delay=\"\" data-color=\"extra-color-2\" class=\"divider-small-border\"><\/div><\/div>\n<div class=\"wpb_text_column wpb_content_element  vc_custom_1743604296903\" >\n\t<div class=\"wpb_wrapper\">\n\t\t<p>Hai gi\u00e0 fatto il primo passo o vuoi iniziare direttamente con un approccio su misura? La <b>lezione individuale di Wing Foil<\/b> \u00e8 pensata per chi cerca un\u2019esperienza personalizzata, con un istruttore dedicato che ti segue passo dopo passo, adattando ritmo e contenuti alle tue esigenze.<\/p>\n<p>Che tu sia alle prime armi o voglia migliorare tecnica e controllo, una sessione individuale ti permette di lavorare in profondit\u00e0 sugli aspetti fondamentali: posizione, equilibrio, gestione della vela e prime manovre. Senza distrazioni, solo tu e il tuo istruttore, in costante comunicazione, per ottenere il massimo da ogni minuto.<\/p>\n<p>Il contesto \u00e8 ideale: acqua piatta, vento costante e uno dei luoghi pi\u00f9 suggestivi del Mediterraneo, la laguna dello Stagnone. Ogni lezione diventa cos\u00ec un momento esclusivo di crescita, libert\u00e0 e connessione con gli elementi.<\/p>\n<p>Se vuoi imparare davvero, in sicurezza e con risultati tangibili fin da subito, questa \u00e8 l\u2019esperienza che fa per te. Il Wing Foil ti aspetta, e questa volta\u2026 voli da solo.<\/p>\n<p>Dopo aver appreso la teoria e padroneggiato le tecniche di gestione dell&#8217;ala, il primo approccio pratico si realizza con una tavola da SUP. Questo metodo, ideale per i principianti, permette di acquisire stabilit\u00e0 e sicurezza, offrendo una base solida per affinare le tecniche del wing foil in un ambiente controllato.<\/p>\n\t<\/div>\n<\/div>\n\n\n\n\n\t\t<\/div> \n\t<\/div>\n\t<\/div> \n\n\t<div style=\"\" class=\"vc_col-sm-4 wpb_column column_container vc_column_container col child_column centered-text padding-5-percent inherit_tablet inherit_phone \"  data-using-bg=\"true\" data-padding-pos=\"all\" data-has-bg-color=\"true\" data-bg-color=\"#f3f4f6\" data-bg-opacity=\"1\" data-animation=\"\" data-delay=\"0\" >\n\t\t<div class=\"vc_column-inner\" ><div class=\"column-bg-overlay-wrap column-bg-layer\" data-bg-animation=\"none\"><div class=\"column-bg-overlay\" style=\"opacity: 1; background-color: #f3f4f6;\"><\/div><\/div>\n\t\t<div class=\"wpb_wrapper\">\n\t\t\t<h3 style=\"color: #0891b2;text-align: center\" class=\"vc_custom_heading\" >Costo<\/h3>\n<div class=\"wpb_text_column wpb_content_element \" >\n\t<div class=\"wpb_wrapper\">\n\t\t<p>Lezione di 1 ora prorogabile.<\/p>\n<h2>\u20ac 70<\/h2>\n\t<\/div>\n<\/div>\n\n\n\n\n\t<div class=\"wpb_raw_code wpb_content_element wpb_raw_html\" >\n\t\t<div class=\"wpb_wrapper\">\n\t\t\t    <a class=\"nectar-btn\" href=\"https:\/\/wa.me\/393281124504\" target=\"_blank\" style=\"width: 11em;\" rel=\"noopener\">\n      <span>Prenota ora<\/span>\n      <i><\/i><i><\/i><i><\/i><i><\/i>\n    <\/a>\n\t\t<\/div>\n\t<\/div>\n\n\t\t<\/div> \n\t<\/div>\n\t<\/div> \n<\/div><\/div>\n\t\t\t<\/div> \n\t\t<\/div>\n\t<\/div> \n<\/div><\/div>\n\t\t<div id=\"fws_69e09fa7d7a49\"  data-column-margin=\"default\" data-midnight=\"dark\" data-bottom-percent=\"3%\"  class=\"wpb_row vc_row-fluid vc_row full-width-content vc_row-o-equal-height vc_row-flex vc_row-o-content-top kitesurf-tutti-corsi right_padding_10pct left_padding_10pct\"  style=\"padding-top: 0px; padding-bottom: calc(100vw * 0.03); \"><div class=\"row-bg-wrap\" data-bg-animation=\"none\" data-bg-overlay=\"false\"><div class=\"inner-wrap\"><div class=\"row-bg viewport-desktop\"  style=\"\"><\/div><\/div><\/div><div class=\"row_col_wrap_12 col span_12 dark left\">\n\t<div  class=\"vc_col-sm-12 single-page wpb_column column_container vc_column_container col no-extra-padding inherit_tablet inherit_phone \"  data-padding-pos=\"all\" data-has-bg-color=\"false\" data-bg-color=\"\" data-bg-opacity=\"1\" data-animation=\"\" data-delay=\"0\" >\n\t\t<div class=\"vc_column-inner\" >\n\t\t\t<div class=\"wpb_wrapper\">\n\t\t\t\t<h5 style=\"color: #0891b2;text-align: left\" class=\"vc_custom_heading side-line\" >COSA \u00c8 INCLUSO<\/h5><div class=\"divider-wrap\" data-alignment=\"default\"><div style=\"height: 50px;\" class=\"divider\"><\/div><\/div><div class=\"iwithtext\"><div class=\"iwt-icon\"> <i class=\"icon-default-style fa fa-check-circle extra-color-2\"><\/i> <\/div><div class=\"iwt-text\"> Briefing a terra <\/div><div class=\"clear\"><\/div><\/div><div class=\"iwithtext\"><div class=\"iwt-icon\"> <i class=\"icon-default-style fa fa-check-circle extra-color-2\"><\/i> <\/div><div class=\"iwt-text\"> Formazione supervisionata sull&#8217;acqua <\/div><div class=\"clear\"><\/div><\/div><div class=\"iwithtext\"><div class=\"iwt-icon\"> <i class=\"icon-default-style fa fa-check-circle extra-color-2\"><\/i> <\/div><div class=\"iwt-text\"> Debriefing a terra e feedback <\/div><div class=\"clear\"><\/div><\/div>\n\t\t\t<\/div> \n\t\t<\/div>\n\t<\/div> \n<\/div><\/div>\n\t\t<div id=\"fws_69e09fa7d7f81\"  data-column-margin=\"default\" data-midnight=\"dark\" data-top-percent=\"3%\"  class=\"wpb_row vc_row-fluid vc_row full-width-content vc_row-o-equal-height vc_row-flex vc_row-o-content-top  right_padding_10pct left_padding_10pct\"  style=\"padding-top: calc(100vw * 0.03); padding-bottom: 0px; \"><div class=\"row-bg-wrap\" data-bg-animation=\"none\" data-bg-overlay=\"false\"><div class=\"inner-wrap\"><div class=\"row-bg viewport-desktop using-bg-color\"  style=\"background-color: #d0fafe; \"><\/div><\/div><\/div><div class=\"row_col_wrap_12 col span_12 dark left\">\n\t<div  class=\"vc_col-sm-12 wpb_column column_container vc_column_container col no-extra-padding inherit_tablet inherit_phone \"  data-padding-pos=\"all\" data-has-bg-color=\"false\" data-bg-color=\"\" data-bg-opacity=\"1\" data-animation=\"\" data-delay=\"0\" >\n\t\t<div class=\"vc_column-inner\" >\n\t\t\t<div class=\"wpb_wrapper\">\n\t\t\t\t<h3 style=\"color: #0891b2;text-align: center;font-family:Roboto;font-weight:500;font-style:normal\" class=\"vc_custom_heading\" >Scopri tutti i nostri corsi Windsurf<\/h3>\n\t\t\t<\/div> \n\t\t<\/div>\n\t<\/div> \n<\/div><\/div>\n\t\t<div id=\"fws_69e09fa7d8281\"  data-column-margin=\"50px\" data-midnight=\"dark\" data-top-percent=\"1%\" data-bottom-percent=\"3%\"  class=\"wpb_row vc_row-fluid vc_row full-width-content vc_row-o-equal-height vc_row-flex vc_row-o-content-top kitesurf-altri-corsi right_padding_10pct left_padding_10pct\"  style=\"padding-top: calc(100vw * 0.01); padding-bottom: calc(100vw * 0.03); \"><div class=\"row-bg-wrap\" data-bg-animation=\"none\" data-bg-overlay=\"false\"><div class=\"inner-wrap\"><div class=\"row-bg viewport-desktop using-bg-color\"  style=\"background-color: #d0fafe; \"><\/div><\/div><\/div><div class=\"row_col_wrap_12 col span_12 dark left\">\n\t<div  class=\"vc_col-sm-4 wpb_column column_container vc_column_container col padding-2-percent inherit_tablet inherit_phone \"  data-padding-pos=\"top\" data-has-bg-color=\"false\" data-bg-color=\"\" data-bg-opacity=\"1\" data-animation=\"\" data-delay=\"0\" >\n\t\t<div class=\"vc_column-inner\" >\n\t\t\t<div class=\"wpb_wrapper\">\n\t\t\t\t<div class=\"nectar-flip-box\" data-min-height=\"300\" data-flip-direction=\"horizontal-to-left\" data-h_text_align=\"center\" data-v_text_align=\"center\"><div class=\"flip-box-front\" data-nectar-img-src=\"https:\/\/www.stagnonekitexperience.com\/wp-content\/uploads\/2022\/08\/windsurf-prima-lezione.jpg\" data-bg-overlay=\"true\" data-text-color=\"light\" style=\"background-color: rgba(51,51,51,0.84); min-height: 300px;\"> <div class=\"inner\"><\/p>\n<h4>WINDSURF<br \/>\nBATTESIMO<\/h4>\n<p><\/div> <\/div><div class=\"flip-box-back\"  data-bg-overlay=\"\" data-text-color=\"dark\" style=\"background-color: #fff; min-height: 300px;\"> <div class=\"inner\">\n<p style=\"text-align: center;\">La tua prima lezione con i nostri preparati istruttori.<\/p>\n<p style=\"text-align: center;\"><a class=\"nectar-button small regular accent-color regular-button white-button\" style=\"color: #000000; visibility: visible;\" href=\"\/corsi\/windsurf\/prima-lezione-di-windsurf\/\" data-color-override=\"false\" data-hover-color-override=\"false\" data-hover-text-color-override=\"#fff\">Visualizza dettagli<\/a><\/p>\n<\/div> <\/div><\/div>\n\t\t\t<\/div> \n\t\t<\/div>\n\t<\/div> \n\n\t<div style=\"margin-top: 2%; margin-bottom: 2%; \" class=\"vc_col-sm-4 wpb_column column_container vc_column_container col centered-text no-extra-padding inherit_tablet inherit_phone \"  data-shadow=\"medium_depth\" data-padding-pos=\"all\" data-has-bg-color=\"false\" data-bg-color=\"\" data-bg-opacity=\"1\" data-animation=\"\" data-delay=\"0\" >\n\t\t<div class=\"vc_column-inner\" ><div class=\"column-bg-overlay-wrap column-bg-layer\" data-bg-animation=\"none\"><div class=\"column-bg-overlay\"><\/div><\/div>\n\t\t\t<div class=\"wpb_wrapper\">\n\t\t\t\t<div class=\"nectar-flip-box\" data-min-height=\"300\" data-flip-direction=\"horizontal-to-left\" data-h_text_align=\"center\" data-v_text_align=\"center\"><div class=\"flip-box-front\" data-nectar-img-src=\"https:\/\/www.stagnonekitexperience.com\/wp-content\/uploads\/2022\/08\/windsurf-corso-base.jpg\" data-bg-overlay=\"true\" data-text-color=\"light\" style=\"background-color: rgba(51,51,51,0.84); min-height: 300px;\"> <div class=\"inner\"><\/p>\n<h4>CORSO BASE<br \/>\nONE TO ONE<\/h4>\n<p><\/div> <\/div><div class=\"flip-box-back\"  data-bg-overlay=\"\" data-text-color=\"dark\" style=\"background-color: #fff; min-height: 300px;\"> <div class=\"inner\">\n<p style=\"text-align: center;\">Corso completo che unisce teoria e pratica in acqua.<\/p>\n<p style=\"text-align: center;\"><a class=\"nectar-button small regular accent-color regular-button white-button\" style=\"color: #000000; visibility: visible;\" href=\"\/corsi\/windsurf\/corso-base\/\" data-color-override=\"false\" data-hover-color-override=\"false\" data-hover-text-color-override=\"#fff\">Visualizza dettagli<\/a><\/p>\n<\/div> <\/div><\/div>\n\t\t\t<\/div> \n\t\t<\/div>\n\t<\/div> \n\n\t<div style=\"margin-top: 2%; margin-bottom: 2%; \" class=\"vc_col-sm-4 wpb_column column_container vc_column_container col no-extra-padding inherit_tablet inherit_phone \"  data-shadow=\"medium_depth\" data-padding-pos=\"all\" data-has-bg-color=\"false\" data-bg-color=\"\" data-bg-opacity=\"1\" data-animation=\"\" data-delay=\"0\" >\n\t\t<div class=\"vc_column-inner\" ><div class=\"column-bg-overlay-wrap column-bg-layer\" data-bg-animation=\"none\"><div class=\"column-bg-overlay\"><\/div><\/div>\n\t\t\t<div class=\"wpb_wrapper\">\n\t\t\t\t<div class=\"nectar-flip-box\" data-min-height=\"300\" data-flip-direction=\"horizontal-to-left\" data-h_text_align=\"center\" data-v_text_align=\"center\"><div class=\"flip-box-front\" data-nectar-img-src=\"https:\/\/www.stagnonekitexperience.com\/wp-content\/uploads\/2022\/08\/windsurf-in-gruppo.jpg\" data-bg-overlay=\"true\" data-text-color=\"light\" style=\"background-color: rgba(51,51,51,0.84); min-height: 300px;\"> <div class=\"inner\"><\/p>\n<h4>CORSO<br \/>\nDI GRUPPO<\/h4>\n<p><\/div> <\/div><div class=\"flip-box-back\"  data-bg-overlay=\"\" data-text-color=\"dark\" style=\"background-color: #fff; min-height: 300px;\"> <div class=\"inner\">\n<p style=\"text-align: center;\">Corso collettivo a lezioni condivise con altri allievi.<\/p>\n<p style=\"text-align: center;\"><a class=\"nectar-button small regular accent-color regular-button white-button\" style=\"color: #000000; visibility: visible;\" href=\"\/corsi\/windsurf\/windsurf-in-gruppo\/\" data-color-override=\"false\" data-hover-color-override=\"false\" data-hover-text-color-override=\"#fff\">Visualizza dettagli<\/a><\/p>\n<\/div> <\/div><\/div>\n\t\t\t<\/div> \n\t\t<\/div>\n\t<\/div> \n<\/div><\/div>\n\t\t<div id=\"fws_69e09fa7d9828\"  data-column-margin=\"default\" data-midnight=\"dark\"  class=\"wpb_row vc_row-fluid vc_row full-width-content vc_row-o-equal-height vc_row-flex vc_row-o-content-top\"  style=\"padding-top: 0px; padding-bottom: 0px; \"><div class=\"row-bg-wrap\" data-bg-animation=\"none\" data-bg-overlay=\"false\"><div class=\"inner-wrap\"><div class=\"row-bg viewport-desktop\"  style=\"\"><\/div><\/div><\/div><div class=\"row_col_wrap_12 col span_12 dark left\">\n\t<div  class=\"vc_col-sm-12 wpb_column column_container vc_column_container col no-extra-padding inherit_tablet inherit_phone \"  data-padding-pos=\"all\" data-has-bg-color=\"false\" data-bg-color=\"\" data-bg-opacity=\"1\" data-animation=\"\" data-delay=\"0\" >\n\t\t<div class=\"vc_column-inner\" >\n\t\t\t<div class=\"wpb_wrapper\">\n\t\t\t\t\n\t<div class=\"wpb_raw_code wpb_content_element wpb_raw_html\" >\n\t\t<div class=\"wpb_wrapper\">\n\t\t\t<iframe loading=\"lazy\" width=\"100%\" height=\"550\" src=\"https:\/\/embed.windy.com\/embed2.html?lat=37.669&lon=13.288&detailLat=37.864&detailLon=12.486&width=2560&height=550&zoom=7&level=surface&overlay=wind&product=ecmwf&menu=&message=&marker=&calendar=now&pressure=&type=map&location=coordinates&detail=true&metricWind=default&metricTemp=default&radarRange=-1\" frameborder=\"0\"><\/iframe>\n\t\t<\/div>\n\t<\/div>\n\n\t\t\t<\/div> \n\t\t<\/div>\n\t<\/div> \n<\/div><\/div>\n","protected":false},"excerpt":{"rendered":"Wing foil lezione individuale personalizzata Wing foil lezione individuale personalizzata Hai gi\u00e0 fatto il primo passo o vuoi iniziare direttamente con un approccio su misura? La lezione individuale di Wing...","protected":false},"author":2,"featured_media":0,"parent":988,"menu_order":0,"comment_status":"closed","ping_status":"closed","template":"","meta":{"footnotes":""},"class_list":["post-1095","page","type-page","status-publish"],"_links":{"self":[{"href":"https:\/\/www.stagnonekitexperience.com\/it\/wp-json\/wp\/v2\/pages\/1095","targetHints":{"allow":["GET"]}}],"collection":[{"href":"https:\/\/www.stagnonekitexperience.com\/it\/wp-json\/wp\/v2\/pages"}],"about":[{"href":"https:\/\/www.stagnonekitexperience.com\/it\/wp-json\/wp\/v2\/types\/page"}],"author":[{"embeddable":true,"href":"https:\/\/www.stagnonekitexperience.com\/it\/wp-json\/wp\/v2\/users\/2"}],"replies":[{"embeddable":true,"href":"https:\/\/www.stagnonekitexperience.com\/it\/wp-json\/wp\/v2\/comments?post=1095"}],"version-history":[{"count":4,"href":"https:\/\/www.stagnonekitexperience.com\/it\/wp-json\/wp\/v2\/pages\/1095\/revisions"}],"predecessor-version":[{"id":1146,"href":"https:\/\/www.stagnonekitexperience.com\/it\/wp-json\/wp\/v2\/pages\/1095\/revisions\/1146"}],"up":[{"embeddable":true,"href":"https:\/\/www.stagnonekitexperience.com\/it\/wp-json\/wp\/v2\/pages\/988"}],"wp:attachment":[{"href":"https:\/\/www.stagnonekitexperience.com\/it\/wp-json\/wp\/v2\/media?parent=1095"}],"curies":[{"name":"wp","href":"https:\/\/api.w.org\/{rel}","templated":true}]}}