{"id":325,"date":"2022-08-17T19:20:22","date_gmt":"2022-08-17T17:20:22","guid":{"rendered":"https:\/\/stagnonekitexperience.sviluppo.host\/?page_id=325"},"modified":"2025-03-25T12:47:39","modified_gmt":"2025-03-25T11:47:39","slug":"corso-base","status":"publish","type":"page","link":"https:\/\/www.stagnonekitexperience.com\/it\/corsi\/kitesurf\/corso-base\/","title":{"rendered":"Kitesurf corso base one to one"},"content":{"rendered":"\n\t\t<div id=\"fws_69d11f65dd714\"  data-column-margin=\"default\" data-midnight=\"dark\"  class=\"wpb_row vc_row-fluid vc_row full-width-section vc_row-o-full-height vc_row-o-columns-middle vc_row-o-equal-height vc_row-flex\"  style=\"padding-top: 0px; padding-bottom: 0px; \"><div class=\"row-bg-wrap\" data-bg-animation=\"none\" data-bg-overlay=\"true\"><div class=\"inner-wrap using-image\"><div class=\"row-bg viewport-desktop using-image\"  style=\"background-image: url(https:\/\/www.stagnonekitexperience.com\/wp-content\/uploads\/2022\/08\/kitesurf-lezione-singola-stagnone-marsala.jpg); background-position: 0% 37%; background-repeat: no-repeat; \"><\/div><\/div><div class=\"row-bg-overlay\" style=\"background: #ffffff; background: linear-gradient(90deg,#ffffff 10%,rgba(255,255,255,0.001) 75%);  opacity: 0.95; background: #ffffff; background: linear-gradient(90deg,#ffffff 0%,rgba(255,255,255,0.001) 100%);  opacity: 0.95; \"><\/div><\/div><div class=\"row_col_wrap_12 col span_12 dark left\">\n\t<div  class=\"vc_col-sm-12 wpb_column column_container vc_column_container col no-extra-padding inherit_tablet inherit_phone \"  data-padding-pos=\"all\" data-has-bg-color=\"false\" data-bg-color=\"\" data-bg-opacity=\"1\" data-animation=\"\" data-delay=\"0\" >\n\t\t<div class=\"vc_column-inner\" >\n\t\t\t<div class=\"wpb_wrapper\">\n\t\t\t\t<h1 style=\"color: #000000;text-align: left\" class=\"vc_custom_heading\" >Kitesurf corso base one to one<\/h1>\n\t\t\t<\/div> \n\t\t<\/div>\n\t<\/div> \n<\/div><\/div>\n\t\t<div id=\"fws_69d11f65de4d1\"  data-column-margin=\"default\" data-midnight=\"dark\" data-top-percent=\"5%\"  class=\"wpb_row vc_row-fluid vc_row full-width-content vc_row-o-equal-height vc_row-flex vc_row-o-content-middle  right_padding_10pct left_padding_10pct\"  style=\"padding-top: calc(100vw * 0.05); padding-bottom: 0px; \"><div class=\"row-bg-wrap\" data-bg-animation=\"none\" data-bg-overlay=\"false\"><div class=\"inner-wrap\"><div class=\"row-bg viewport-desktop\"  style=\"\"><\/div><\/div><\/div><div class=\"row_col_wrap_12 col span_12 dark left\">\n\t<div  class=\"vc_col-sm-12 wpb_column column_container vc_column_container col no-extra-padding inherit_tablet inherit_phone \"  data-padding-pos=\"all\" data-has-bg-color=\"false\" data-bg-color=\"\" data-bg-opacity=\"1\" data-animation=\"\" data-delay=\"0\" >\n\t\t<div class=\"vc_column-inner\" >\n\t\t\t<div class=\"wpb_wrapper\">\n\t\t\t\t<div id=\"fws_69d11f65deb21\" data-midnight=\"\" data-column-margin=\"40px\" class=\"wpb_row vc_row-fluid vc_row inner_row vc_row-o-content-middle\"  style=\"\"><div class=\"row-bg-wrap\"> <div class=\"row-bg\" ><\/div> <\/div><div class=\"row_col_wrap_12_inner col span_12  left\">\n\t<div  class=\"vc_col-sm-8 wpb_column column_container vc_column_container col child_column no-extra-padding inherit_tablet inherit_phone \"   data-padding-pos=\"all\" data-has-bg-color=\"false\" data-bg-color=\"\" data-bg-opacity=\"1\" data-animation=\"\" data-delay=\"0\" >\n\t\t<div class=\"vc_column-inner\" >\n\t\t<div class=\"wpb_wrapper\">\n\t\t\t<h2 style=\"text-align: left;font-family:Roboto;font-weight:500;font-style:normal\" class=\"vc_custom_heading\" >Corso base one to one<\/h2><div class=\"divider-wrap\" data-alignment=\"default\"><div style=\"margin-top: 12.5px; width: 20%px; height: 2px; margin-bottom: 12.5px;\" data-width=\"20%\" data-animate=\"yes\" data-animation-delay=\"\" data-color=\"extra-color-2\" class=\"divider-small-border\"><\/div><\/div>\n<div class=\"wpb_text_column wpb_content_element  vc_custom_1661436830309\" >\n\t<div class=\"wpb_wrapper\">\n\t\t<p>Se cerchi un corso base completo per imparare a fare kitesurf, ma allo stesso tempo\u00a0 dedicato a te e che rispetti i tuoi tempi,\u00a0 allora questa \u00e8 quello che fa per te.<\/p>\n<p>Ogni <strong>lezione<\/strong> sar\u00e0 <strong>one to one<\/strong>, avrai un istruttore che si dedicher\u00e0 completamente a te e adatter\u00e0 il corso alla tua velocit\u00e0 di apprendimento, al tuo grado di confidenza con l&#8217;attrezzatura e ti corregger\u00e0 in tempo reale manovre e imperfezioni.<br \/>\nAvrai l&#8217;opportunit\u00e0 di imparare il <strong>kitesurf<\/strong> in <strong>lezione da solo<\/strong>, per una full immersion di 5 ore, suddivise in due o pi\u00f9 giorni.<br \/>\nLa prima mezz&#8217;ora si svolger\u00e0 a terra per la teoria, in cui ti verr\u00e0 insegnato ad armare e settare un aquilone, azionare i sistemi di sicurezza e muovere un kite nella finestra del vento.<br \/>\nPoi il corso proseguir\u00e0 in acqua per apprendere il controllo della vela, il bodydrag, l\u2019attivazione dei sistemi di sicurezza, il self rescue e la partenza con la tavola: l\u2019emozione di planare per la prima volta sull\u2019acqua non si scorda mai!<\/p>\n<p>Al termine del corso ti verr\u00e0 rilasciata la <strong>IKO card<\/strong>, un attestato di validit\u00e0 internazionale comprovante il livello raggiunto. Questa tessera ti permetter\u00e0 di continuare la pratica del kite in una qualsiasi<strong> scuola kitesurf<\/strong> o centro IKO fino a quando raggiungerai l\u2019indipendenza per goderti il vento quando vuoi!<\/p>\n\t<\/div>\n<\/div>\n\n\n\n\n\t\t<\/div> \n\t<\/div>\n\t<\/div> \n\n\t<div style=\"\" class=\"vc_col-sm-4 wpb_column column_container vc_column_container col child_column centered-text padding-5-percent inherit_tablet inherit_phone \"  data-using-bg=\"true\" data-padding-pos=\"all\" data-has-bg-color=\"true\" data-bg-color=\"#f3f4f6\" data-bg-opacity=\"1\" data-animation=\"\" data-delay=\"0\" >\n\t\t<div class=\"vc_column-inner\" ><div class=\"column-bg-overlay-wrap column-bg-layer\" data-bg-animation=\"none\"><div class=\"column-bg-overlay\" style=\"opacity: 1; background-color: #f3f4f6;\"><\/div><\/div>\n\t\t<div class=\"wpb_wrapper\">\n\t\t\t<h3 style=\"color: #0891b2;text-align: center\" class=\"vc_custom_heading\" >Costo<\/h3>\n<div class=\"wpb_text_column wpb_content_element \" >\n\t<div class=\"wpb_wrapper\">\n\t\t<p>La durata del corso \u00e8 di 5 ore, divise in pi\u00f9 giornate.<\/p>\n<h2>\u20ac 310<\/h2>\n\t<\/div>\n<\/div>\n\n\n\n\n\t<div class=\"wpb_raw_code wpb_content_element wpb_raw_html\" >\n\t\t<div class=\"wpb_wrapper\">\n\t\t\t    <a class=\"nectar-btn\" href=\"https:\/\/wa.me\/393281124504\" target=\"_blank\" style=\"width: 11em;\" rel=\"noopener\">\n      <span>Prenota ora<\/span>\n      <i><\/i><i><\/i><i><\/i><i><\/i>\n    <\/a>\n\t\t<\/div>\n\t<\/div>\n\n\t\t<\/div> \n\t<\/div>\n\t<\/div> \n<\/div><\/div>\n\t\t\t<\/div> \n\t\t<\/div>\n\t<\/div> \n<\/div><\/div>\n\t\t<div id=\"fws_69d11f65e0058\"  data-column-margin=\"default\" data-midnight=\"dark\" data-bottom-percent=\"3%\"  class=\"wpb_row vc_row-fluid vc_row full-width-content vc_row-o-equal-height vc_row-flex vc_row-o-content-top kitesurf-tutti-corsi right_padding_10pct left_padding_10pct\"  style=\"padding-top: 0px; padding-bottom: calc(100vw * 0.03); \"><div class=\"row-bg-wrap\" data-bg-animation=\"none\" data-bg-overlay=\"false\"><div class=\"inner-wrap\"><div class=\"row-bg viewport-desktop\"  style=\"\"><\/div><\/div><\/div><div class=\"row_col_wrap_12 col span_12 dark left\">\n\t<div  class=\"vc_col-sm-12 single-page wpb_column column_container vc_column_container col no-extra-padding inherit_tablet inherit_phone \"  data-padding-pos=\"all\" data-has-bg-color=\"false\" data-bg-color=\"\" data-bg-opacity=\"1\" data-animation=\"\" data-delay=\"0\" >\n\t\t<div class=\"vc_column-inner\" >\n\t\t\t<div class=\"wpb_wrapper\">\n\t\t\t\t<h5 style=\"color: #0891b2;text-align: left\" class=\"vc_custom_heading side-line\" >COSA \u00c8 INCLUSO<\/h5><div class=\"divider-wrap\" data-alignment=\"default\"><div style=\"height: 50px;\" class=\"divider\"><\/div><\/div><div class=\"iwithtext\"><div class=\"iwt-icon\"> <i class=\"icon-default-style fa fa-check-circle extra-color-2\"><\/i> <\/div><div class=\"iwt-text\"> Assemblaggio attrezzatura <\/div><div class=\"clear\"><\/div><\/div><div class=\"iwithtext\"><div class=\"iwt-icon\"> <i class=\"icon-default-style fa fa-check-circle extra-color-2\"><\/i> <\/div><div class=\"iwt-text\"> Introduzione alla nozione di navigare usando la forza del vento <\/div><div class=\"clear\"><\/div><\/div><div class=\"iwithtext\"><div class=\"iwt-icon\"> <i class=\"icon-default-style fa fa-check-circle extra-color-2\"><\/i> <\/div><div class=\"iwt-text\"> Volare e controllare l\u2019aquilone <\/div><div class=\"clear\"><\/div><\/div><div class=\"iwithtext\"><div class=\"iwt-icon\"> <i class=\"icon-default-style fa fa-check-circle extra-color-2\"><\/i> <\/div><div class=\"iwt-text\"> Trascinamento del corpo <\/div><div class=\"clear\"><\/div><\/div><div class=\"iwithtext\"><div class=\"iwt-icon\"> <i class=\"icon-default-style fa fa-check-circle extra-color-2\"><\/i> <\/div><div class=\"iwt-text\"> Introduzione a come leggere le condizioni meteorologiche <\/div><div class=\"clear\"><\/div><\/div><div class=\"iwithtext\"><div class=\"iwt-icon\"> <i class=\"icon-default-style fa fa-check-circle extra-color-2\"><\/i> <\/div><div class=\"iwt-text\"> Linee guida di sicurezza e modalit\u00e0 di funzionamento dei sistemi di sicurezza <\/div><div class=\"clear\"><\/div><\/div><div class=\"iwithtext\"><div class=\"iwt-icon\"> <i class=\"icon-default-style fa fa-check-circle extra-color-2\"><\/i> <\/div><div class=\"iwt-text\"> Linee guida e pratica di autosoccorso <\/div><div class=\"clear\"><\/div><\/div><div class=\"iwithtext\"><div class=\"iwt-icon\"> <i class=\"icon-default-style fa fa-check-circle extra-color-2\"><\/i> <\/div><div class=\"iwt-text\"> Inizio dell\u2019acqua <\/div><div class=\"clear\"><\/div><\/div>\n\t\t\t<\/div> \n\t\t<\/div>\n\t<\/div> \n<\/div><\/div>\n\t\t<div id=\"fws_69d11f65e0527\"  data-column-margin=\"default\" data-midnight=\"dark\" data-top-percent=\"3%\"  class=\"wpb_row vc_row-fluid vc_row full-width-content vc_row-o-equal-height vc_row-flex vc_row-o-content-top  right_padding_10pct left_padding_10pct\"  style=\"padding-top: calc(100vw * 0.03); padding-bottom: 0px; \"><div class=\"row-bg-wrap\" data-bg-animation=\"none\" data-bg-overlay=\"false\"><div class=\"inner-wrap\"><div class=\"row-bg viewport-desktop using-bg-color\"  style=\"background-color: #d0fafe; \"><\/div><\/div><\/div><div class=\"row_col_wrap_12 col span_12 dark left\">\n\t<div  class=\"vc_col-sm-12 wpb_column column_container vc_column_container col no-extra-padding inherit_tablet inherit_phone \"  data-padding-pos=\"all\" data-has-bg-color=\"false\" data-bg-color=\"\" data-bg-opacity=\"1\" data-animation=\"\" data-delay=\"0\" >\n\t\t<div class=\"vc_column-inner\" >\n\t\t\t<div class=\"wpb_wrapper\">\n\t\t\t\t<h3 style=\"color: #0891b2;text-align: center;font-family:Roboto;font-weight:500;font-style:normal\" class=\"vc_custom_heading\" >Scopri tutti i nostri corsi Kitesurf<\/h3>\n\t\t\t<\/div> \n\t\t<\/div>\n\t<\/div> \n<\/div><\/div>\n\t\t<div id=\"fws_69d11f65e08ce\"  data-column-margin=\"50px\" data-midnight=\"dark\" data-top-percent=\"1%\" data-bottom-percent=\"3%\"  class=\"wpb_row vc_row-fluid vc_row full-width-content vc_row-o-equal-height vc_row-flex vc_row-o-content-top kitesurf-altri-corsi right_padding_10pct left_padding_10pct\"  style=\"padding-top: calc(100vw * 0.01); padding-bottom: calc(100vw * 0.03); \"><div class=\"row-bg-wrap\" data-bg-animation=\"none\" data-bg-overlay=\"false\"><div class=\"inner-wrap\"><div class=\"row-bg viewport-desktop using-bg-color\"  style=\"background-color: #d0fafe; \"><\/div><\/div><\/div><div class=\"row_col_wrap_12 col span_12 dark left\">\n\t<div style=\"margin-top: 2%; \" class=\"vc_col-sm-4 wpb_column column_container vc_column_container col no-extra-padding inherit_tablet inherit_phone \"  data-padding-pos=\"all\" data-has-bg-color=\"false\" data-bg-color=\"\" data-bg-opacity=\"1\" data-animation=\"\" data-delay=\"0\" >\n\t\t<div class=\"vc_column-inner\" >\n\t\t\t<div class=\"wpb_wrapper\">\n\t\t\t\t<div class=\"nectar-flip-box\" data-min-height=\"300\" data-flip-direction=\"horizontal-to-left\" data-h_text_align=\"center\" data-v_text_align=\"center\"><div class=\"flip-box-front\" data-nectar-img-src=\"https:\/\/www.stagnonekitexperience.com\/wp-content\/uploads\/2022\/08\/prima-lezione-di-kitesurf-stagnone-marsala-sito.jpg\" data-bg-overlay=\"true\" data-text-color=\"light\" style=\"background-color: rgba(51,51,51,0.84); min-height: 300px;\"> <div class=\"inner\"><\/p>\n<h4>IL BATTESIMO<br \/>\nDEL MARE<\/h4>\n<p><\/div> <\/div><div class=\"flip-box-back\"  data-bg-overlay=\"\" data-text-color=\"dark\" style=\"background-color: #fff; min-height: 300px;\"> <div class=\"inner\">\n<p style=\"text-align: center;\">La tua prima lezione con i nostri preparati istruttori.<\/p>\n<p style=\"text-align: center;\"><a class=\"nectar-button small regular accent-color regular-button white-button\" style=\"color: #000000; visibility: visible;\" href=\"\/kitesurf\/prima-lezione\/\" data-color-override=\"false\" data-hover-color-override=\"false\" data-hover-text-color-override=\"#fff\">Visualizza dettagli<\/a><\/p>\n<\/div> <\/div><\/div>\n\t\t\t<\/div> \n\t\t<\/div>\n\t<\/div> \n\n\t<div style=\"margin-top: 2%; margin-bottom: 2%; \" class=\"vc_col-sm-4 wpb_column column_container vc_column_container col no-extra-padding inherit_tablet inherit_phone \"  data-shadow=\"medium_depth\" data-padding-pos=\"all\" data-has-bg-color=\"false\" data-bg-color=\"\" data-bg-opacity=\"1\" data-animation=\"\" data-delay=\"0\" >\n\t\t<div class=\"vc_column-inner\" ><div class=\"column-bg-overlay-wrap column-bg-layer\" data-bg-animation=\"none\"><div class=\"column-bg-overlay\"><\/div><\/div>\n\t\t\t<div class=\"wpb_wrapper\">\n\t\t\t\t<div class=\"nectar-flip-box\" data-min-height=\"300\" data-flip-direction=\"horizontal-to-left\" data-h_text_align=\"center\" data-v_text_align=\"center\"><div class=\"flip-box-front\" data-nectar-img-src=\"https:\/\/www.stagnonekitexperience.com\/wp-content\/uploads\/2022\/08\/kitesurf-lezione-personalizzata-stagnone-marsala.jpg\" data-bg-overlay=\"true\" data-text-color=\"light\" style=\"background-color: rgba(51,51,51,0.84); min-height: 300px;\"> <div class=\"inner\"><\/p>\n<h4>LEZIONE<br \/>\nPERSONALIZZATA<\/h4>\n<p><\/div> <\/div><div class=\"flip-box-back\"  data-bg-overlay=\"\" data-text-color=\"dark\" style=\"background-color: #fff; min-height: 300px;\"> <div class=\"inner\">\n<p style=\"text-align: center;\">Lezione dedicata\u00a0 all&#8217;obiettivo richiesto dall\u2019allievo.<\/p>\n<p style=\"text-align: center;\"><a class=\"nectar-button small regular accent-color regular-button white-button\" style=\"color: #000000; visibility: visible;\" href=\"\/corsi\/kitesurf\/lezione-personalizzata\/\" data-color-override=\"false\" data-hover-color-override=\"false\" data-hover-text-color-override=\"#fff\">Visualizza dettagli<\/a><\/p>\n<\/div> <\/div><\/div>\n\t\t\t<\/div> \n\t\t<\/div>\n\t<\/div> \n\n\t<div style=\"margin-top: 2%; margin-bottom: 2%; \" class=\"vc_col-sm-4 wpb_column column_container vc_column_container col no-extra-padding inherit_tablet inherit_phone \"  data-shadow=\"medium_depth\" data-padding-pos=\"all\" data-has-bg-color=\"false\" data-bg-color=\"\" data-bg-opacity=\"1\" data-animation=\"\" data-delay=\"0\" >\n\t\t<div class=\"vc_column-inner\" ><div class=\"column-bg-overlay-wrap column-bg-layer\" data-bg-animation=\"none\"><div class=\"column-bg-overlay\"><\/div><\/div>\n\t\t\t<div class=\"wpb_wrapper\">\n\t\t\t\t<div class=\"nectar-flip-box\" data-min-height=\"300\" data-flip-direction=\"horizontal-to-left\" data-h_text_align=\"center\" data-v_text_align=\"center\"><div class=\"flip-box-front\" data-nectar-img-src=\"https:\/\/www.stagnonekitexperience.com\/wp-content\/uploads\/2022\/08\/kitesurf-lezioni-personalizzate.jpg\" data-bg-overlay=\"true\" data-text-color=\"light\" style=\"background-color: rgba(51,51,51,0.84); min-height: 300px;\"> <div class=\"inner\"><\/p>\n<h4>CORSO<br \/>\nDI GRUPPO<\/h4>\n<p><\/div> <\/div><div class=\"flip-box-back\"  data-bg-overlay=\"\" data-text-color=\"dark\" style=\"background-color: #fff; min-height: 300px;\"> <div class=\"inner\">\n<p style=\"text-align: center;\">Corso collettivo a lezioni condivise con altri allievi.<\/p>\n<p style=\"text-align: center;\"><a class=\"nectar-button small regular accent-color regular-button white-button\" style=\"color: #000000; visibility: visible;\" href=\"\/corsi\/kitesurf\/kitesurf-in-gruppo\/\" data-color-override=\"false\" data-hover-color-override=\"false\" data-hover-text-color-override=\"#fff\">Visualizza dettagli<\/a><\/p>\n<\/div> <\/div><\/div>\n\t\t\t<\/div> \n\t\t<\/div>\n\t<\/div> \n<\/div><\/div>\n\t\t<div id=\"fws_69d11f65e1c43\"  data-column-margin=\"default\" data-midnight=\"dark\"  class=\"wpb_row vc_row-fluid vc_row full-width-content vc_row-o-equal-height vc_row-flex vc_row-o-content-top\"  style=\"padding-top: 0px; padding-bottom: 0px; \"><div class=\"row-bg-wrap\" data-bg-animation=\"none\" data-bg-overlay=\"false\"><div class=\"inner-wrap\"><div class=\"row-bg viewport-desktop\"  style=\"\"><\/div><\/div><\/div><div class=\"row_col_wrap_12 col span_12 dark left\">\n\t<div  class=\"vc_col-sm-12 wpb_column column_container vc_column_container col no-extra-padding inherit_tablet inherit_phone \"  data-padding-pos=\"all\" data-has-bg-color=\"false\" data-bg-color=\"\" data-bg-opacity=\"1\" data-animation=\"\" data-delay=\"0\" >\n\t\t<div class=\"vc_column-inner\" >\n\t\t\t<div class=\"wpb_wrapper\">\n\t\t\t\t\n\t<div class=\"wpb_raw_code wpb_content_element wpb_raw_html\" >\n\t\t<div class=\"wpb_wrapper\">\n\t\t\t<iframe loading=\"lazy\" width=\"100%\" height=\"550\" src=\"https:\/\/embed.windy.com\/embed2.html?lat=37.669&lon=13.288&detailLat=37.864&detailLon=12.486&width=2560&height=550&zoom=7&level=surface&overlay=wind&product=ecmwf&menu=&message=&marker=&calendar=now&pressure=&type=map&location=coordinates&detail=true&metricWind=default&metricTemp=default&radarRange=-1\" frameborder=\"0\"><\/iframe>\n\t\t<\/div>\n\t<\/div>\n\n\t\t\t<\/div> \n\t\t<\/div>\n\t<\/div> \n<\/div><\/div>\n","protected":false},"excerpt":{"rendered":"Kitesurf corso base one to one Corso base one to one Se cerchi un corso base completo per imparare a fare kitesurf, ma allo stesso tempo\u00a0 dedicato a te e...","protected":false},"author":2,"featured_media":0,"parent":30,"menu_order":0,"comment_status":"closed","ping_status":"closed","template":"","meta":{"footnotes":""},"class_list":["post-325","page","type-page","status-publish"],"_links":{"self":[{"href":"https:\/\/www.stagnonekitexperience.com\/it\/wp-json\/wp\/v2\/pages\/325","targetHints":{"allow":["GET"]}}],"collection":[{"href":"https:\/\/www.stagnonekitexperience.com\/it\/wp-json\/wp\/v2\/pages"}],"about":[{"href":"https:\/\/www.stagnonekitexperience.com\/it\/wp-json\/wp\/v2\/types\/page"}],"author":[{"embeddable":true,"href":"https:\/\/www.stagnonekitexperience.com\/it\/wp-json\/wp\/v2\/users\/2"}],"replies":[{"embeddable":true,"href":"https:\/\/www.stagnonekitexperience.com\/it\/wp-json\/wp\/v2\/comments?post=325"}],"version-history":[{"count":14,"href":"https:\/\/www.stagnonekitexperience.com\/it\/wp-json\/wp\/v2\/pages\/325\/revisions"}],"predecessor-version":[{"id":1009,"href":"https:\/\/www.stagnonekitexperience.com\/it\/wp-json\/wp\/v2\/pages\/325\/revisions\/1009"}],"up":[{"embeddable":true,"href":"https:\/\/www.stagnonekitexperience.com\/it\/wp-json\/wp\/v2\/pages\/30"}],"wp:attachment":[{"href":"https:\/\/www.stagnonekitexperience.com\/it\/wp-json\/wp\/v2\/media?parent=325"}],"curies":[{"name":"wp","href":"https:\/\/api.w.org\/{rel}","templated":true}]}}