{"id":335,"date":"2022-08-18T09:08:39","date_gmt":"2022-08-18T07:08:39","guid":{"rendered":"https:\/\/stagnonekitexperience.sviluppo.host\/?page_id=335"},"modified":"2025-03-29T17:42:00","modified_gmt":"2025-03-29T16:42:00","slug":"kitesurf-in-gruppo","status":"publish","type":"page","link":"https:\/\/www.stagnonekitexperience.com\/it\/corsi\/kitesurf\/kitesurf-in-gruppo\/","title":{"rendered":"Kitesurf in gruppo"},"content":{"rendered":"\n\t\t<div id=\"fws_69d1084271c00\"  data-column-margin=\"default\" data-midnight=\"dark\"  class=\"wpb_row vc_row-fluid vc_row full-width-section vc_row-o-full-height vc_row-o-columns-middle vc_row-o-equal-height vc_row-flex\"  style=\"padding-top: 0px; padding-bottom: 0px; \"><div class=\"row-bg-wrap\" data-bg-animation=\"none\" data-bg-overlay=\"true\"><div class=\"inner-wrap using-image\"><div class=\"row-bg viewport-desktop using-image\"  style=\"background-image: url(https:\/\/www.stagnonekitexperience.com\/wp-content\/uploads\/2022\/08\/kitesurf-in-gruppo.jpg); background-position: 0% 33%; background-repeat: no-repeat; \"><\/div><\/div><div class=\"row-bg-overlay\" style=\"background: #ffffff; background: linear-gradient(90deg,#ffffff 10%,rgba(255,255,255,0.001) 75%);  opacity: 0.95; background: #ffffff; background: linear-gradient(90deg,#ffffff 0%,rgba(255,255,255,0.001) 100%);  opacity: 0.95; \"><\/div><\/div><div class=\"row_col_wrap_12 col span_12 dark left\">\n\t<div  class=\"vc_col-sm-12 wpb_column column_container vc_column_container col no-extra-padding inherit_tablet inherit_phone \"  data-padding-pos=\"all\" data-has-bg-color=\"false\" data-bg-color=\"\" data-bg-opacity=\"1\" data-animation=\"\" data-delay=\"0\" >\n\t\t<div class=\"vc_column-inner\" >\n\t\t\t<div class=\"wpb_wrapper\">\n\t\t\t\t<h1 style=\"color: #000000;text-align: left\" class=\"vc_custom_heading\" >Kitesurf corso base di gruppo<\/h1>\n\t\t\t<\/div> \n\t\t<\/div>\n\t<\/div> \n<\/div><\/div>\n\t\t<div id=\"fws_69d1084272a05\"  data-column-margin=\"default\" data-midnight=\"dark\" data-top-percent=\"5%\"  class=\"wpb_row vc_row-fluid vc_row full-width-content vc_row-o-equal-height vc_row-flex vc_row-o-content-middle  right_padding_10pct left_padding_10pct\"  style=\"padding-top: calc(100vw * 0.05); padding-bottom: 0px; \"><div class=\"row-bg-wrap\" data-bg-animation=\"none\" data-bg-overlay=\"false\"><div class=\"inner-wrap\"><div class=\"row-bg viewport-desktop\"  style=\"\"><\/div><\/div><\/div><div class=\"row_col_wrap_12 col span_12 dark left\">\n\t<div  class=\"vc_col-sm-12 wpb_column column_container vc_column_container col no-extra-padding inherit_tablet inherit_phone \"  data-padding-pos=\"all\" data-has-bg-color=\"false\" data-bg-color=\"\" data-bg-opacity=\"1\" data-animation=\"\" data-delay=\"0\" >\n\t\t<div class=\"vc_column-inner\" >\n\t\t\t<div class=\"wpb_wrapper\">\n\t\t\t\t<div id=\"fws_69d1084273055\" data-midnight=\"\" data-column-margin=\"40px\" class=\"wpb_row vc_row-fluid vc_row inner_row vc_row-o-content-middle\"  style=\"\"><div class=\"row-bg-wrap\"> <div class=\"row-bg\" ><\/div> <\/div><div class=\"row_col_wrap_12_inner col span_12  left\">\n\t<div  class=\"vc_col-sm-8 wpb_column column_container vc_column_container col child_column no-extra-padding inherit_tablet inherit_phone \"   data-padding-pos=\"all\" data-has-bg-color=\"false\" data-bg-color=\"\" data-bg-opacity=\"1\" data-animation=\"\" data-delay=\"0\" >\n\t\t<div class=\"vc_column-inner\" >\n\t\t<div class=\"wpb_wrapper\">\n\t\t\t<h2 style=\"text-align: left;font-family:Roboto;font-weight:500;font-style:normal\" class=\"vc_custom_heading\" >Kitesurf corso base di gruppo<\/h2><div class=\"divider-wrap\" data-alignment=\"default\"><div style=\"margin-top: 12.5px; width: 20%px; height: 2px; margin-bottom: 12.5px;\" data-width=\"20%\" data-animate=\"yes\" data-animation-delay=\"\" data-color=\"extra-color-2\" class=\"divider-small-border\"><\/div><\/div>\n<div class=\"wpb_text_column wpb_content_element  vc_custom_1661899122176\" >\n\t<div class=\"wpb_wrapper\">\n\t\t<p>Il <strong>corso di kitesurf in gruppo<\/strong> \u00e8 rivolto a coloro che vogliono condividere questa esperienza insieme ad altre persone.<br \/>\nLe lezioni vengono programmate insieme all\u2019 istruttore, in base alle condizioni meteo ed alle esigenze degli allievi. Le ore saranno condivise, in questo modo avrai l\u2019occasione di imparare, non solo correggendo i tuoi errori, ma anche vedendo le esperienze dei tuoi compagni .<\/p>\n<p>Al termine del corso verr\u00e0 rilasciata la <strong>IKO card<\/strong>, un attestato di validit\u00e0 internazionale comprovante il livello raggiunto. Questa tessera ti permetter\u00e0 di continuare la pratica del kite in una qualsiasi<strong> scuola di kitesurf<\/strong>\u00a0o centro IKO fino a quando raggiungerai l\u2019indipendenza per goderti il vento quando vuoi!<\/p>\n\t<\/div>\n<\/div>\n\n\n\n\n\t\t<\/div> \n\t<\/div>\n\t<\/div> \n\n\t<div style=\"\" class=\"vc_col-sm-4 wpb_column column_container vc_column_container col child_column centered-text padding-5-percent inherit_tablet inherit_phone \"  data-using-bg=\"true\" data-padding-pos=\"all\" data-has-bg-color=\"true\" data-bg-color=\"#f3f4f6\" data-bg-opacity=\"1\" data-animation=\"\" data-delay=\"0\" >\n\t\t<div class=\"vc_column-inner\" ><div class=\"column-bg-overlay-wrap column-bg-layer\" data-bg-animation=\"none\"><div class=\"column-bg-overlay\" style=\"opacity: 1; background-color: #f3f4f6;\"><\/div><\/div>\n\t\t<div class=\"wpb_wrapper\">\n\t\t\t<h3 style=\"color: #0891b2;text-align: center\" class=\"vc_custom_heading\" >Costo<\/h3>\n<div class=\"wpb_text_column wpb_content_element \" >\n\t<div class=\"wpb_wrapper\">\n\t\t<p>La durata del corso \u00e8 di 5 ore e pu\u00f2 ospitare da 2 a 4 studenti. Il costo \u00e8 per studente.<\/p>\n<h2>\u20ac 170<\/h2>\n\t<\/div>\n<\/div>\n\n\n\n\n\t<div class=\"wpb_raw_code wpb_content_element wpb_raw_html\" >\n\t\t<div class=\"wpb_wrapper\">\n\t\t\t    <a class=\"nectar-btn\" href=\"https:\/\/wa.me\/393281124504\" target=\"_blank\" style=\"width: 11em;\" rel=\"noopener\">\n      <span>Prenota ora<\/span>\n      <i><\/i><i><\/i><i><\/i><i><\/i>\n    <\/a>\n\t\t<\/div>\n\t<\/div>\n\n\t\t<\/div> \n\t<\/div>\n\t<\/div> \n<\/div><\/div>\n\t\t\t<\/div> \n\t\t<\/div>\n\t<\/div> \n<\/div><\/div>\n\t\t<div id=\"fws_69d10842745e2\"  data-column-margin=\"default\" data-midnight=\"dark\" data-bottom-percent=\"3%\"  class=\"wpb_row vc_row-fluid vc_row full-width-content vc_row-o-equal-height vc_row-flex vc_row-o-content-top kitesurf-tutti-corsi right_padding_10pct left_padding_10pct\"  style=\"padding-top: 0px; padding-bottom: calc(100vw * 0.03); \"><div class=\"row-bg-wrap\" data-bg-animation=\"none\" data-bg-overlay=\"false\"><div class=\"inner-wrap\"><div class=\"row-bg viewport-desktop\"  style=\"\"><\/div><\/div><\/div><div class=\"row_col_wrap_12 col span_12 dark left\">\n\t<div  class=\"vc_col-sm-12 single-page wpb_column column_container vc_column_container col no-extra-padding inherit_tablet inherit_phone \"  data-padding-pos=\"all\" data-has-bg-color=\"false\" data-bg-color=\"\" data-bg-opacity=\"1\" data-animation=\"\" data-delay=\"0\" >\n\t\t<div class=\"vc_column-inner\" >\n\t\t\t<div class=\"wpb_wrapper\">\n\t\t\t\t<h5 style=\"color: #0891b2;text-align: left\" class=\"vc_custom_heading side-line\" >COSA \u00c8 INCLUSO<\/h5><div class=\"divider-wrap\" data-alignment=\"default\"><div style=\"height: 50px;\" class=\"divider\"><\/div><\/div><div class=\"iwithtext\"><div class=\"iwt-icon\"> <i class=\"icon-default-style fa fa-check-circle extra-color-2\"><\/i> <\/div><div class=\"iwt-text\"> Attrezzatura e svolgimento sono le stesse del corso base one to one. <\/div><div class=\"clear\"><\/div><\/div>\n\t\t\t<\/div> \n\t\t<\/div>\n\t<\/div> \n<\/div><\/div>\n\t\t<div id=\"fws_69d1084274ac6\"  data-column-margin=\"default\" data-midnight=\"dark\" data-top-percent=\"3%\"  class=\"wpb_row vc_row-fluid vc_row full-width-content vc_row-o-equal-height vc_row-flex vc_row-o-content-top  right_padding_10pct left_padding_10pct\"  style=\"padding-top: calc(100vw * 0.03); padding-bottom: 0px; \"><div class=\"row-bg-wrap\" data-bg-animation=\"none\" data-bg-overlay=\"false\"><div class=\"inner-wrap\"><div class=\"row-bg viewport-desktop using-bg-color\"  style=\"background-color: #d0fafe; \"><\/div><\/div><\/div><div class=\"row_col_wrap_12 col span_12 dark left\">\n\t<div  class=\"vc_col-sm-12 wpb_column column_container vc_column_container col no-extra-padding inherit_tablet inherit_phone \"  data-padding-pos=\"all\" data-has-bg-color=\"false\" data-bg-color=\"\" data-bg-opacity=\"1\" data-animation=\"\" data-delay=\"0\" >\n\t\t<div class=\"vc_column-inner\" >\n\t\t\t<div class=\"wpb_wrapper\">\n\t\t\t\t<h3 style=\"color: #0891b2;text-align: center;font-family:Roboto;font-weight:500;font-style:normal\" class=\"vc_custom_heading\" >Scopri tutti i nostri corsi Kitesurf<\/h3>\n\t\t\t<\/div> \n\t\t<\/div>\n\t<\/div> \n<\/div><\/div>\n\t\t<div id=\"fws_69d1084274deb\"  data-column-margin=\"50px\" data-midnight=\"dark\" data-top-percent=\"1%\" data-bottom-percent=\"3%\"  class=\"wpb_row vc_row-fluid vc_row full-width-content vc_row-o-equal-height vc_row-flex vc_row-o-content-top kitesurf-altri-corsi right_padding_10pct left_padding_10pct\"  style=\"padding-top: calc(100vw * 0.01); padding-bottom: calc(100vw * 0.03); \"><div class=\"row-bg-wrap\" data-bg-animation=\"none\" data-bg-overlay=\"false\"><div class=\"inner-wrap\"><div class=\"row-bg viewport-desktop using-bg-color\"  style=\"background-color: #d0fafe; \"><\/div><\/div><\/div><div class=\"row_col_wrap_12 col span_12 dark left\">\n\t<div style=\"margin-top: 2%; \" class=\"vc_col-sm-4 wpb_column column_container vc_column_container col no-extra-padding inherit_tablet inherit_phone \"  data-padding-pos=\"all\" data-has-bg-color=\"false\" data-bg-color=\"\" data-bg-opacity=\"1\" data-animation=\"\" data-delay=\"0\" >\n\t\t<div class=\"vc_column-inner\" >\n\t\t\t<div class=\"wpb_wrapper\">\n\t\t\t\t<div class=\"nectar-flip-box\" data-min-height=\"300\" data-flip-direction=\"horizontal-to-left\" data-h_text_align=\"center\" data-v_text_align=\"center\"><div class=\"flip-box-front\" data-nectar-img-src=\"https:\/\/www.stagnonekitexperience.com\/wp-content\/uploads\/2022\/08\/prima-lezione-di-kitesurf-stagnone-marsala-sito.jpg\" data-bg-overlay=\"true\" data-text-color=\"light\" style=\"background-color: rgba(51,51,51,0.84); min-height: 300px;\"> <div class=\"inner\"><\/p>\n<h4>IL BATTESIMO<br \/>\nDEL MARE<\/h4>\n<p><\/div> <\/div><div class=\"flip-box-back\"  data-bg-overlay=\"\" data-text-color=\"dark\" style=\"background-color: #fff; min-height: 300px;\"> <div class=\"inner\">\n<p style=\"text-align: center;\">La tua prima lezione con i nostri preparati istruttori.<\/p>\n<p style=\"text-align: center;\"><a class=\"nectar-button small regular accent-color regular-button white-button\" style=\"color: #000000; visibility: visible;\" href=\"\/kitesurf\/prima-lezione\/\" data-color-override=\"false\" data-hover-color-override=\"false\" data-hover-text-color-override=\"#fff\">Visualizza dettagli<\/a><\/p>\n<\/div> <\/div><\/div>\n\t\t\t<\/div> \n\t\t<\/div>\n\t<\/div> \n\n\t<div style=\"margin-top: 2%; margin-bottom: 2%; \" class=\"vc_col-sm-4 wpb_column column_container vc_column_container col centered-text no-extra-padding inherit_tablet inherit_phone \"  data-shadow=\"medium_depth\" data-padding-pos=\"all\" data-has-bg-color=\"false\" data-bg-color=\"\" data-bg-opacity=\"1\" data-animation=\"\" data-delay=\"0\" >\n\t\t<div class=\"vc_column-inner\" ><div class=\"column-bg-overlay-wrap column-bg-layer\" data-bg-animation=\"none\"><div class=\"column-bg-overlay\"><\/div><\/div>\n\t\t\t<div class=\"wpb_wrapper\">\n\t\t\t\t<div class=\"nectar-flip-box\" data-min-height=\"300\" data-flip-direction=\"horizontal-to-left\" data-h_text_align=\"center\" data-v_text_align=\"center\"><div class=\"flip-box-front\" data-nectar-img-src=\"https:\/\/www.stagnonekitexperience.com\/wp-content\/uploads\/2022\/08\/kitesurf-lezione-singola-stagnone-marsala.jpg\" data-bg-overlay=\"true\" data-text-color=\"light\" style=\"background-color: rgba(51,51,51,0.84); min-height: 300px;\"> <div class=\"inner\"><\/p>\n<h4>CORSO BASE<br \/>\nONE TO ONE<\/h4>\n<p><\/div> <\/div><div class=\"flip-box-back\"  data-bg-overlay=\"\" data-text-color=\"dark\" style=\"background-color: #fff; min-height: 300px;\"> <div class=\"inner\">\n<p style=\"text-align: center;\">Corso completo che unisce teoria e pratica in acqua.<\/p>\n<p style=\"text-align: center;\"><a class=\"nectar-button small regular accent-color regular-button white-button\" style=\"color: #000000; visibility: visible;\" href=\"\/corsi\/kitesurf\/corso-base\/\" data-color-override=\"false\" data-hover-color-override=\"false\" data-hover-text-color-override=\"#fff\">Visualizza dettagli<\/a><\/p>\n<\/div> <\/div><\/div>\n\t\t\t<\/div> \n\t\t<\/div>\n\t<\/div> \n\n\t<div style=\"margin-top: 2%; margin-bottom: 2%; \" class=\"vc_col-sm-4 wpb_column column_container vc_column_container col no-extra-padding inherit_tablet inherit_phone \"  data-shadow=\"medium_depth\" data-padding-pos=\"all\" data-has-bg-color=\"false\" data-bg-color=\"\" data-bg-opacity=\"1\" data-animation=\"\" data-delay=\"0\" >\n\t\t<div class=\"vc_column-inner\" ><div class=\"column-bg-overlay-wrap column-bg-layer\" data-bg-animation=\"none\"><div class=\"column-bg-overlay\"><\/div><\/div>\n\t\t\t<div class=\"wpb_wrapper\">\n\t\t\t\t<div class=\"nectar-flip-box\" data-min-height=\"300\" data-flip-direction=\"horizontal-to-left\" data-h_text_align=\"center\" data-v_text_align=\"center\"><div class=\"flip-box-front\" data-nectar-img-src=\"https:\/\/www.stagnonekitexperience.com\/wp-content\/uploads\/2022\/08\/kitesurf-lezione-personalizzata-stagnone-marsala.jpg\" data-bg-overlay=\"true\" data-text-color=\"light\" style=\"background-color: rgba(51,51,51,0.84); min-height: 300px;\"> <div class=\"inner\"><\/p>\n<h4>LEZIONE<br \/>\nPERSONALIZZATA<\/h4>\n<p><\/div> <\/div><div class=\"flip-box-back\"  data-bg-overlay=\"\" data-text-color=\"dark\" style=\"background-color: #fff; min-height: 300px;\"> <div class=\"inner\">\n<p style=\"text-align: center;\">Lezione dedicata\u00a0 all&#8217;obiettivo richiesto dall\u2019allievo.<\/p>\n<p style=\"text-align: center;\"><a class=\"nectar-button small regular accent-color regular-button white-button\" style=\"color: #000000; visibility: visible;\" href=\"\/corsi\/kitesurf\/lezione-personalizzata\/\" data-color-override=\"false\" data-hover-color-override=\"false\" data-hover-text-color-override=\"#fff\">Visualizza dettagli<\/a><\/p>\n<\/div> <\/div><\/div>\n\t\t\t<\/div> \n\t\t<\/div>\n\t<\/div> \n<\/div><\/div>\n\t\t<div id=\"fws_69d108427607c\"  data-column-margin=\"default\" data-midnight=\"dark\"  class=\"wpb_row vc_row-fluid vc_row full-width-content vc_row-o-equal-height vc_row-flex vc_row-o-content-top\"  style=\"padding-top: 0px; padding-bottom: 0px; \"><div class=\"row-bg-wrap\" data-bg-animation=\"none\" data-bg-overlay=\"false\"><div class=\"inner-wrap\"><div class=\"row-bg viewport-desktop\"  style=\"\"><\/div><\/div><\/div><div class=\"row_col_wrap_12 col span_12 dark left\">\n\t<div  class=\"vc_col-sm-12 wpb_column column_container vc_column_container col no-extra-padding inherit_tablet inherit_phone \"  data-padding-pos=\"all\" data-has-bg-color=\"false\" data-bg-color=\"\" data-bg-opacity=\"1\" data-animation=\"\" data-delay=\"0\" >\n\t\t<div class=\"vc_column-inner\" >\n\t\t\t<div class=\"wpb_wrapper\">\n\t\t\t\t\n\t<div class=\"wpb_raw_code wpb_content_element wpb_raw_html\" >\n\t\t<div class=\"wpb_wrapper\">\n\t\t\t<iframe loading=\"lazy\" width=\"100%\" height=\"550\" src=\"https:\/\/embed.windy.com\/embed2.html?lat=37.669&lon=13.288&detailLat=37.864&detailLon=12.486&width=2560&height=550&zoom=7&level=surface&overlay=wind&product=ecmwf&menu=&message=&marker=&calendar=now&pressure=&type=map&location=coordinates&detail=true&metricWind=default&metricTemp=default&radarRange=-1\" frameborder=\"0\"><\/iframe>\n\t\t<\/div>\n\t<\/div>\n\n\t\t\t<\/div> \n\t\t<\/div>\n\t<\/div> \n<\/div><\/div>\n","protected":false},"excerpt":{"rendered":"Kitesurf corso base di gruppo Kitesurf corso base di gruppo Il corso di kitesurf in gruppo \u00e8 rivolto a coloro che vogliono condividere questa esperienza insieme ad altre persone. Le...","protected":false},"author":2,"featured_media":0,"parent":30,"menu_order":0,"comment_status":"closed","ping_status":"closed","template":"","meta":{"footnotes":""},"class_list":["post-335","page","type-page","status-publish"],"_links":{"self":[{"href":"https:\/\/www.stagnonekitexperience.com\/it\/wp-json\/wp\/v2\/pages\/335","targetHints":{"allow":["GET"]}}],"collection":[{"href":"https:\/\/www.stagnonekitexperience.com\/it\/wp-json\/wp\/v2\/pages"}],"about":[{"href":"https:\/\/www.stagnonekitexperience.com\/it\/wp-json\/wp\/v2\/types\/page"}],"author":[{"embeddable":true,"href":"https:\/\/www.stagnonekitexperience.com\/it\/wp-json\/wp\/v2\/users\/2"}],"replies":[{"embeddable":true,"href":"https:\/\/www.stagnonekitexperience.com\/it\/wp-json\/wp\/v2\/comments?post=335"}],"version-history":[{"count":8,"href":"https:\/\/www.stagnonekitexperience.com\/it\/wp-json\/wp\/v2\/pages\/335\/revisions"}],"predecessor-version":[{"id":1058,"href":"https:\/\/www.stagnonekitexperience.com\/it\/wp-json\/wp\/v2\/pages\/335\/revisions\/1058"}],"up":[{"embeddable":true,"href":"https:\/\/www.stagnonekitexperience.com\/it\/wp-json\/wp\/v2\/pages\/30"}],"wp:attachment":[{"href":"https:\/\/www.stagnonekitexperience.com\/it\/wp-json\/wp\/v2\/media?parent=335"}],"curies":[{"name":"wp","href":"https:\/\/api.w.org\/{rel}","templated":true}]}}